{"id":2776,"date":"2023-11-15T12:06:02","date_gmt":"2023-11-15T11:06:02","guid":{"rendered":"https:\/\/materiabona.org\/?post_type=product&#038;p=2776"},"modified":"2025-07-02T10:03:48","modified_gmt":"2025-07-02T08:03:48","slug":"mam-easy-start-baby-flasche-6-stueck","status":"publish","type":"product","link":"https:\/\/materiabona.org\/en\/shop\/mam-easy-start-baby-flasche-6-stueck\/","title":{"rendered":"MAM Easy Start Baby-Flasche \u2013 6 St\u00fcck"},"content":{"rendered":"<p><span class=\"wppb-frontend-restriction-message wppb-content-restriction-message\">You can only order from our store as a registered recipient of MateriaBona. If you are already registered, please log in here:<br \/>\n<div id=\"wppb-login-wrap\" class=\"wppb-user-forms\">\n\t\t<form name=\"wppb-loginform\" id=\"wppb-loginform\" class=\"\" action=\"https:\/\/materiabona.org\/en\/wp-json\/wp\/v2\/product\/2776\" method=\"post\">\n\t\t\t\n\t\t\t<p class=\"wppb-form-field login-username\">\n\t\t\t\t<label for=\"wppb_user_login\">Username or Email<\/label>\n\t\t\t\t<input type=\"text\" name=\"log\" id=\"wppb_user_login\" class=\"input\" value=\"\" size=\"20\" \/>\n\t\t\t<\/p>\n\t\t\t<p class=\"wppb-form-field login-password\">\n\t\t\t\t<label for=\"wppb_user_pass\">Password<\/label>\n\t\t\t\t<span class=\"wppb-password-field-container\">\n\t\t\t\t    <input type=\"password\" name=\"pwd\" id=\"wppb_user_pass\" class=\"input\" value=\"\" size=\"20\" \/>\n\t\t\t\t     <!-- add the HTML for the visibility toggle -->\n\t\t\t\t<\/span>\n            <\/p>\n\t\t\t\n\t\t\t\n\t\t\t<p class=\"wppb-form-field login-remember\"><input name=\"rememberme\" type=\"checkbox\" id=\"rememberme\" value=\"forever\" \/><label for=\"rememberme\">Remember Me<\/label><\/p>\n\t\t\t<p class=\"login-submit form-submit\">\n\t\t\t\t<input type=\"submit\" name=\"wp-submit\" id=\"wppb-submit\" class=\"button button-primary\" value=\"Log In\"\" \/>\n\t\t\t\t<input type=\"hidden\" name=\"redirect_to\" value=\"https:\/\/materiabona.org\/en\/wp-json\/wp\/v2\/product\/2776\" \/>\n\t\t\t<\/p>\n\t\t\t<input type=\"hidden\" name=\"wppb_login\" value=\"true\"\/>\n\t\t\t<input type=\"hidden\" name=\"wppb_form_location\" value=\"widget\"\/>\n\t\t\t<input type=\"hidden\" name=\"wppb_request_url\" value=\"https:\/\/materiabona.org\/en\/wp-json\/wp\/v2\/product\/2776\"\/>\n\t\t\t<input type=\"hidden\" name=\"wppb_lostpassword_url\" value=\"\"\/>\n\t\t\t<input type=\"hidden\" name=\"wppb_redirect_priority\" value=\"\"\/>\n\t\t\t<input type=\"hidden\" name=\"wppb_referer_url\" value=\"\"\/>\n\t\t\t<input type=\"hidden\" id=\"CSRFToken-wppb\" name=\"CSRFToken-wppb\" value=\"325a702c2a\" \/><input type=\"hidden\" name=\"_wp_http_referer\" value=\"\/en\/wp-json\/wp\/v2\/product\/2776\" \/>\n\t\t\t<input type=\"hidden\" name=\"wppb_redirect_check\" value=\"true\"\/>\n\t\t\t\n\t\t<\/form><\/div><\/p>\n<div class=\"login-hinweis\">If you have forgotten your password, you can recover it here:<br \/>\n<strong><a href=\"https:\/\/materiabona.org\/en\/lost-password\/\">Password lost<\/a><\/strong><\/div>\n<div class=\"login-hinweis\">\nIf you are not already a registered recipient, you can register here:<br \/>\n<strong><a href=\"https:\/\/materiabona.org\/en\/register\/\">Register<\/a><\/strong><\/div>\n<p><\/span><\/p>\n","protected":false},"excerpt":{"rendered":"<p>Die MAM Easy Start\u2122 Anti-Colic sorgt f\u00fcr einen gleichm\u00e4\u00dfigen Trinkfluss und naturnahes, entspanntes Trinken. Das innovative Bodenventil erm\u00f6glicht es Babys, in ihrem eigenen Tempo zu trinken \u2013 entspannt und ohne Unterbrechungen. Ventilationsl\u00f6cher regulieren dabei den Druckausgleich. Dadurch flie\u00dft die Nahrung v\u00f6llig gleichm\u00e4\u00dfig \u2013 ohne Luftblasen, ohne Aufsch\u00e4umen. Und Babys schlucken weniger Luft beim Trinken <\/p>\n<p class=\"read-more-button-container\"><a class=\"button\" href=\"https:\/\/materiabona.org\/en\/shop\/mam-easy-start-baby-flasche-6-stueck\/\">Weiterlesen<\/a><\/p>\n","protected":false},"featured_media":2027,"template":"","meta":{"_acf_changed":false},"product_brand":[],"product_cat":[142],"product_tag":[292,290,231,291],"class_list":{"0":"post-2776","1":"product","2":"type-product","3":"status-publish","4":"has-post-thumbnail","6":"product_cat-baby-schwangerschaft","7":"product_tag-330ml","8":"product_tag-4-monate-und-aelter","9":"product_tag-baby-flasche","10":"product_tag-flasche","11":"product_shipping_class-paketversand-dpd","12":"resize-featured-image","13":"","14":"woocommerce-text-align-left","15":"woocommerce-image-align-center","16":"do-quantity-buttons","18":"first","19":"instock","20":"taxable","21":"shipping-taxable","22":"product-type-variable"},"supplier_id":null,"supplier_sku":"","barcode":null,"atum_controlled":true,"out_stock_date":null,"out_stock_threshold":null,"inheritable":false,"inbound_stock":null,"stock_on_hold":0,"sold_today":0,"sales_last_days":0,"reserved_stock":null,"customer_returns":null,"warehouse_damage":null,"lost_in_post":null,"other_logs":null,"out_stock_days":0,"lost_sales":0,"has_location":null,"update_date":"2026-04-28T00:26:24","atum_locations":[],"atum_stock_status":"instock","restock_status":false,"low_stock_amount":"","sales_update_date":"2026-04-28T00:26:24","calc_backorders":null,"acf":[],"_links":{"self":[{"href":"https:\/\/materiabona.org\/en\/wp-json\/wp\/v2\/product\/2776","targetHints":{"allow":["GET"]}}],"collection":[{"href":"https:\/\/materiabona.org\/en\/wp-json\/wp\/v2\/product"}],"about":[{"href":"https:\/\/materiabona.org\/en\/wp-json\/wp\/v2\/types\/product"}],"wp:featuredmedia":[{"embeddable":true,"href":"https:\/\/materiabona.org\/en\/wp-json\/wp\/v2\/media\/2027"}],"wp:attachment":[{"href":"https:\/\/materiabona.org\/en\/wp-json\/wp\/v2\/media?parent=2776"}],"wp:term":[{"taxonomy":"product_brand","embeddable":true,"href":"https:\/\/materiabona.org\/en\/wp-json\/wp\/v2\/product_brand?post=2776"},{"taxonomy":"product_cat","embeddable":true,"href":"https:\/\/materiabona.org\/en\/wp-json\/wp\/v2\/product_cat?post=2776"},{"taxonomy":"product_tag","embeddable":true,"href":"https:\/\/materiabona.org\/en\/wp-json\/wp\/v2\/product_tag?post=2776"}],"curies":[{"name":"wp","href":"https:\/\/api.w.org\/{rel}","templated":true}]}}