{"id":1128,"date":"2021-12-09T22:46:40","date_gmt":"2021-12-09T21:46:40","guid":{"rendered":"https:\/\/dev.materiabona.org\/register\/"},"modified":"2021-12-22T12:50:48","modified_gmt":"2021-12-22T11:50:48","slug":"register","status":"publish","type":"page","link":"https:\/\/materiabona.org\/en\/register\/","title":{"rendered":"Register"},"content":{"rendered":"<div class=\"wpforms-container \" id=\"wpforms-1221\"><form id=\"wpforms-form-1221\" class=\"wpforms-validate wpforms-form\" data-formid=\"1221\" method=\"post\" enctype=\"multipart\/form-data\" action=\"\/en\/wp-json\/wp\/v2\/pages\/1128?wpforms_form_id=1221\" data-token=\"f5954ace715d1aef15a9c5d4c624ab8a\" data-token-time=\"1775819237\"><noscript class=\"wpforms-error-noscript\">Please enable JavaScript in your browser to complete this form.<\/noscript><div class=\"wpforms-field-container\"><div id=\"wpforms-1221-field_6-container\" class=\"wpforms-field wpforms-field-divider\" data-field-id=\"6\"><h3 id=\"wpforms-1221-field_6\">Social organisation<\/h3><\/div><div id=\"wpforms-1221-field_7-container\" class=\"wpforms-field wpforms-field-text\" data-field-id=\"7\"><label class=\"wpforms-field-label\" for=\"wpforms-1221-field_7\">Organisation name <span class=\"wpforms-required-label\">*<\/span><\/label><input type=\"text\" id=\"wpforms-1221-field_7\" class=\"wpforms-field-large wpforms-field-required\" name=\"wpforms[fields][7]\" required><\/div><div id=\"wpforms-1221-field_32-container\" class=\"wpforms-field wpforms-field-text\" data-field-id=\"32\"><label class=\"wpforms-field-label\" for=\"wpforms-1221-field_32\">Street and number <span class=\"wpforms-required-label\">*<\/span><\/label><input type=\"text\" id=\"wpforms-1221-field_32\" class=\"wpforms-field-large wpforms-field-required\" name=\"wpforms[fields][32]\" required><\/div><div id=\"wpforms-1221-field_35-container\" class=\"wpforms-field wpforms-field-text wpforms-one-third wpforms-first\" data-field-id=\"35\"><label class=\"wpforms-field-label\" for=\"wpforms-1221-field_35\">ZIP code <span class=\"wpforms-required-label\">*<\/span><\/label><input type=\"text\" id=\"wpforms-1221-field_35\" class=\"wpforms-field-large wpforms-field-required wpforms-masked-input\" data-rule-inputmask-incomplete=\"1\" data-inputmask-mask=\"9999\" name=\"wpforms[fields][35]\" required><\/div><div id=\"wpforms-1221-field_36-container\" class=\"wpforms-field wpforms-field-text wpforms-two-thirds\" data-field-id=\"36\"><label class=\"wpforms-field-label\" for=\"wpforms-1221-field_36\">City <span class=\"wpforms-required-label\">*<\/span><\/label><input type=\"text\" id=\"wpforms-1221-field_36\" class=\"wpforms-field-large wpforms-field-required\" name=\"wpforms[fields][36]\" required><\/div><div id=\"wpforms-1221-field_39-container\" class=\"wpforms-field wpforms-field-select wpforms-one-half wpforms-first wpforms-field-select-style-classic\" data-field-id=\"39\"><label class=\"wpforms-field-label\" for=\"wpforms-1221-field_39\">Canton <span class=\"wpforms-required-label\">*<\/span><\/label><select id=\"wpforms-1221-field_39\" class=\"wpforms-field-large wpforms-field-required\" name=\"wpforms[fields][39]\" required=\"required\"><option value=\"\" class=\"placeholder\" disabled  selected='selected'>Please choose<\/option><option value=\"Aargau\"  class=\"choice-4 depth-1\"  >Aargau<\/option><option value=\"Appenzell Ausserrhoden\"  class=\"choice-5 depth-1\"  >Appenzell Ausserrhoden<\/option><option value=\"Appenzell Innerrhoden\"  class=\"choice-6 depth-1\"  >Appenzell Innerrhoden<\/option><option value=\"Basel-Landschaft\"  class=\"choice-7 depth-1\"  >Basel-Landschaft<\/option><option value=\"Basel-Stadt\"  class=\"choice-8 depth-1\"  >Basel-Stadt<\/option><option value=\"Bern\"  class=\"choice-9 depth-1\"  >Bern<\/option><option value=\"Fribourg\"  class=\"choice-10 depth-1\"  >Fribourg<\/option><option value=\"Geneva\"  class=\"choice-11 depth-1\"  >Geneva<\/option><option value=\"Glarus\"  class=\"choice-12 depth-1\"  >Glarus<\/option><option value=\"Graub\u00fcnden\"  class=\"choice-13 depth-1\"  >Graub\u00fcnden<\/option><option value=\"Jura\"  class=\"choice-14 depth-1\"  >Jura<\/option><option value=\"Lucerne\"  class=\"choice-15 depth-1\"  >Lucerne<\/option><option value=\"Neuch\u00e2tel\"  class=\"choice-16 depth-1\"  >Neuch\u00e2tel<\/option><option value=\"Nidwalden\"  class=\"choice-17 depth-1\"  >Nidwalden<\/option><option value=\"Obwalden\"  class=\"choice-18 depth-1\"  >Obwalden<\/option><option value=\"Schaffhausen\"  class=\"choice-19 depth-1\"  >Schaffhausen<\/option><option value=\"Schwyz\"  class=\"choice-20 depth-1\"  >Schwyz<\/option><option value=\"Solothurn\"  class=\"choice-21 depth-1\"  >Solothurn<\/option><option value=\"St. Gallen\"  class=\"choice-22 depth-1\"  >St. Gallen<\/option><option value=\"Thurgau\"  class=\"choice-23 depth-1\"  >Thurgau<\/option><option value=\"Ticino\"  class=\"choice-24 depth-1\"  >Ticino<\/option><option value=\"Uri\"  class=\"choice-25 depth-1\"  >Uri<\/option><option value=\"Valais\"  class=\"choice-26 depth-1\"  >Valais<\/option><option value=\"Vaud\"  class=\"choice-27 depth-1\"  >Vaud<\/option><option value=\"Zug\"  class=\"choice-28 depth-1\"  >Zug<\/option><option value=\"Z\u00fcrich\"  class=\"choice-29 depth-1\"  >Z\u00fcrich<\/option><\/select><\/div><div id=\"wpforms-1221-field_38-container\" class=\"wpforms-field wpforms-field-text wpforms-one-half\" data-field-id=\"38\"><label class=\"wpforms-field-label\" for=\"wpforms-1221-field_38\">Country <span class=\"wpforms-required-label\">*<\/span><\/label><input type=\"text\" id=\"wpforms-1221-field_38\" class=\"wpforms-field-large wpforms-field-required\" name=\"wpforms[fields][38]\" value=\"Schweiz\" required><\/div><div id=\"wpforms-1221-field_15-container\" class=\"wpforms-field wpforms-field-phone wpforms-one-half wpforms-first\" data-field-id=\"15\"><label class=\"wpforms-field-label\" for=\"wpforms-1221-field_15\">Phone <span class=\"wpforms-required-label\">*<\/span><\/label><input type=\"tel\" id=\"wpforms-1221-field_15\" class=\"wpforms-field-large wpforms-field-required\" data-rule-int-phone-field=\"true\" name=\"wpforms[fields][15]\" aria-label=\"Phone\" required><div class=\"wpforms-field-description\">Only digits without spaces<\/div><\/div><div id=\"wpforms-1221-field_3-container\" class=\"wpforms-field wpforms-field-email wpforms-one-half\" data-field-id=\"3\"><label class=\"wpforms-field-label\" for=\"wpforms-1221-field_3\">E-mail <span class=\"wpforms-required-label\">*<\/span><\/label><input type=\"email\" id=\"wpforms-1221-field_3\" class=\"wpforms-field-large wpforms-field-required\" name=\"wpforms[fields][3]\" spellcheck=\"false\" required><\/div><div id=\"wpforms-1221-field_14-container\" class=\"wpforms-field wpforms-field-url\" data-field-id=\"14\"><label class=\"wpforms-field-label\" for=\"wpforms-1221-field_14\">Website URL <span class=\"wpforms-required-label\">*<\/span><\/label><input type=\"url\" id=\"wpforms-1221-field_14\" class=\"wpforms-field-large wpforms-field-required\" name=\"wpforms[fields][14]\" required><\/div><div id=\"wpforms-1221-field_16-container\" class=\"wpforms-field wpforms-field-checkbox\" data-field-id=\"16\"><label class=\"wpforms-field-label\">Your target audience <span class=\"wpforms-required-label\">*<\/span><\/label><ul id=\"wpforms-1221-field_16\" class=\"wpforms-field-required\"><li class=\"choice-1 depth-1\"><input type=\"checkbox\" id=\"wpforms-1221-field_16_1\" name=\"wpforms[fields][16][]\" value=\"Toddlers (0-6 Jahre)\" required ><label class=\"wpforms-field-label-inline\" for=\"wpforms-1221-field_16_1\">Toddlers (0-6 Jahre)<\/label><\/li><li class=\"choice-2 depth-1\"><input type=\"checkbox\" id=\"wpforms-1221-field_16_2\" name=\"wpforms[fields][16][]\" value=\"Children (6-14 Jahre)\" required ><label class=\"wpforms-field-label-inline\" for=\"wpforms-1221-field_16_2\">Children (6-14 Jahre)<\/label><\/li><li class=\"choice-3 depth-1\"><input type=\"checkbox\" id=\"wpforms-1221-field_16_3\" name=\"wpforms[fields][16][]\" value=\"Teens (14-18 Jahre)\" required ><label class=\"wpforms-field-label-inline\" for=\"wpforms-1221-field_16_3\">Teens (14-18 Jahre)<\/label><\/li><li class=\"choice-5 depth-1\"><input type=\"checkbox\" id=\"wpforms-1221-field_16_5\" name=\"wpforms[fields][16][]\" value=\"Adults (18-65 Jahre)\" required ><label class=\"wpforms-field-label-inline\" for=\"wpforms-1221-field_16_5\">Adults (18-65 Jahre)<\/label><\/li><li class=\"choice-4 depth-1\"><input type=\"checkbox\" id=\"wpforms-1221-field_16_4\" name=\"wpforms[fields][16][]\" value=\"Seniors and pensioners (65+ Jahre)\" required ><label class=\"wpforms-field-label-inline\" for=\"wpforms-1221-field_16_4\">Seniors and pensioners (65+ Jahre)<\/label><\/li><\/ul><\/div><div id=\"wpforms-1221-field_17-container\" class=\"wpforms-field wpforms-field-text\" data-field-id=\"17\"><label class=\"wpforms-field-label\" for=\"wpforms-1221-field_17\">Type of organisation <span class=\"wpforms-required-label\">*<\/span><\/label><input type=\"text\" id=\"wpforms-1221-field_17\" class=\"wpforms-field-large wpforms-field-required\" name=\"wpforms[fields][17]\" required><\/div><div id=\"wpforms-1221-field_40-container\" class=\"wpforms-field wpforms-field-number\" data-field-id=\"40\"><label class=\"wpforms-field-label\" for=\"wpforms-1221-field_40\">How many people do you support per month? <span class=\"wpforms-required-label\">*<\/span><\/label><input type=\"number\" id=\"wpforms-1221-field_40\" class=\"wpforms-field-large wpforms-field-required\" name=\"wpforms[fields][40]\" value=\"0\" step=\"any\" required><div class=\"wpforms-field-description\">Your estimated number<\/div><\/div><div id=\"wpforms-1221-field_18-container\" class=\"wpforms-field wpforms-field-text\" data-field-id=\"18\"><label class=\"wpforms-field-label\" for=\"wpforms-1221-field_18\">Which consumer goods are particularly important or necessary for your organisation? <span class=\"wpforms-required-label\">*<\/span><\/label><input type=\"text\" id=\"wpforms-1221-field_18\" class=\"wpforms-field-large wpforms-field-required\" name=\"wpforms[fields][18]\" required><\/div><div id=\"wpforms-1221-field_19-container\" class=\"wpforms-field wpforms-field-radio\" data-field-id=\"19\"><label class=\"wpforms-field-label\">How did you find out about us? <span class=\"wpforms-required-label\">*<\/span><\/label><ul id=\"wpforms-1221-field_19\" class=\"wpforms-field-required\"><li class=\"choice-1 depth-1\"><input type=\"radio\" id=\"wpforms-1221-field_19_1\" name=\"wpforms[fields][19]\" value=\"Website\" required ><label class=\"wpforms-field-label-inline\" for=\"wpforms-1221-field_19_1\">Website<\/label><\/li><li class=\"choice-2 depth-1\"><input type=\"radio\" id=\"wpforms-1221-field_19_2\" name=\"wpforms[fields][19]\" value=\"Social Media\" required ><label class=\"wpforms-field-label-inline\" for=\"wpforms-1221-field_19_2\">Social Media<\/label><\/li><li class=\"choice-3 depth-1\"><input type=\"radio\" id=\"wpforms-1221-field_19_3\" name=\"wpforms[fields][19]\" value=\"Newspaper article\/advertisement\" required ><label class=\"wpforms-field-label-inline\" for=\"wpforms-1221-field_19_3\">Newspaper article\/advertisement<\/label><\/li><li class=\"choice-4 depth-1\"><input type=\"radio\" id=\"wpforms-1221-field_19_4\" name=\"wpforms[fields][19]\" value=\"Radio feature\" required ><label class=\"wpforms-field-label-inline\" for=\"wpforms-1221-field_19_4\">Radio feature<\/label><\/li><li class=\"choice-5 depth-1\"><input type=\"radio\" id=\"wpforms-1221-field_19_5\" name=\"wpforms[fields][19]\" value=\"Recommendation from our network\" required ><label class=\"wpforms-field-label-inline\" for=\"wpforms-1221-field_19_5\">Recommendation from our network<\/label><\/li><li class=\"choice-6 depth-1\"><input type=\"radio\" id=\"wpforms-1221-field_19_6\" name=\"wpforms[fields][19]\" value=\"Other\" required ><label class=\"wpforms-field-label-inline\" for=\"wpforms-1221-field_19_6\">Other<\/label><\/li><\/ul><\/div><div id=\"wpforms-1221-field_20-container\" class=\"wpforms-field wpforms-field-divider\" data-field-id=\"20\"><h3 id=\"wpforms-1221-field_20\">Contact persons<\/h3><div class=\"wpforms-field-description\">We need the dual control principle for quality assurance.<\/div><\/div><div id=\"wpforms-1221-field_21-container\" class=\"wpforms-field wpforms-field-name\" data-field-id=\"21\"><label class=\"wpforms-field-label\" for=\"wpforms-1221-field_21\">Name (1. contact person) <span class=\"wpforms-required-label\">*<\/span><\/label><input type=\"text\" id=\"wpforms-1221-field_21\" class=\"wpforms-field-medium wpforms-field-required\" name=\"wpforms[fields][21]\" required><\/div><div id=\"wpforms-1221-field_22-container\" class=\"wpforms-field wpforms-field-text\" data-field-id=\"22\"><label class=\"wpforms-field-label\" for=\"wpforms-1221-field_22\">Position (1. contact person) <span class=\"wpforms-required-label\">*<\/span><\/label><input type=\"text\" id=\"wpforms-1221-field_22\" class=\"wpforms-field-medium wpforms-field-required\" name=\"wpforms[fields][22]\" required><\/div><div id=\"wpforms-1221-field_23-container\" class=\"wpforms-field wpforms-field-email wpforms-one-half wpforms-first\" data-field-id=\"23\"><label class=\"wpforms-field-label\" for=\"wpforms-1221-field_23\">E-mail (1. contact person) <span class=\"wpforms-required-label\">*<\/span><\/label><input type=\"email\" id=\"wpforms-1221-field_23\" class=\"wpforms-field-large wpforms-field-required\" name=\"wpforms[fields][23]\" spellcheck=\"false\" required><\/div><div id=\"wpforms-1221-field_24-container\" class=\"wpforms-field wpforms-field-phone wpforms-one-half\" data-field-id=\"24\"><label class=\"wpforms-field-label\" for=\"wpforms-1221-field_24\">Phone (1. contact person) <span class=\"wpforms-required-label\">*<\/span><\/label><input type=\"tel\" id=\"wpforms-1221-field_24\" class=\"wpforms-field-large wpforms-field-required\" data-rule-int-phone-field=\"true\" name=\"wpforms[fields][24]\" aria-label=\"Phone (1. contact person)\" required><div class=\"wpforms-field-description\">Only digits without spaces<\/div><\/div><div id=\"wpforms-1221-field_25-container\" class=\"wpforms-field wpforms-field-html\" data-field-id=\"25\"><div id=\"wpforms-1221-field_25\"><hr \/><\/div><\/div><div id=\"wpforms-1221-field_26-container\" class=\"wpforms-field wpforms-field-name\" data-field-id=\"26\"><label class=\"wpforms-field-label\" for=\"wpforms-1221-field_26\">Name (2. contact person) <span class=\"wpforms-required-label\">*<\/span><\/label><input type=\"text\" id=\"wpforms-1221-field_26\" class=\"wpforms-field-medium wpforms-field-required\" name=\"wpforms[fields][26]\" required><\/div><div id=\"wpforms-1221-field_27-container\" class=\"wpforms-field wpforms-field-text\" data-field-id=\"27\"><label class=\"wpforms-field-label\" for=\"wpforms-1221-field_27\">Position (2. contact person) <span class=\"wpforms-required-label\">*<\/span><\/label><input type=\"text\" id=\"wpforms-1221-field_27\" class=\"wpforms-field-medium wpforms-field-required\" name=\"wpforms[fields][27]\" required><\/div><div id=\"wpforms-1221-field_28-container\" class=\"wpforms-field wpforms-field-email wpforms-one-half wpforms-first\" data-field-id=\"28\"><label class=\"wpforms-field-label\" for=\"wpforms-1221-field_28\">E-mail (2. contact person) <span class=\"wpforms-required-label\">*<\/span><\/label><input type=\"email\" id=\"wpforms-1221-field_28\" class=\"wpforms-field-large wpforms-field-required\" name=\"wpforms[fields][28]\" spellcheck=\"false\" required><\/div><div id=\"wpforms-1221-field_29-container\" class=\"wpforms-field wpforms-field-phone wpforms-one-half\" data-field-id=\"29\"><label class=\"wpforms-field-label\" for=\"wpforms-1221-field_29\">Phone (2. contact person) <span class=\"wpforms-required-label\">*<\/span><\/label><input type=\"tel\" id=\"wpforms-1221-field_29\" class=\"wpforms-field-large wpforms-field-required\" data-rule-int-phone-field=\"true\" name=\"wpforms[fields][29]\" aria-label=\"Phone (2. contact person)\" required><div class=\"wpforms-field-description\">Only digits without spaces<\/div><\/div><div id=\"wpforms-1221-field_9-container\" class=\"wpforms-field wpforms-field-divider\" data-field-id=\"9\"><h3 id=\"wpforms-1221-field_9\">MateriaBona Online Katalog<\/h3><\/div><div id=\"wpforms-1221-field_2-container\" class=\"wpforms-field wpforms-field-text\" data-field-id=\"2\"><label class=\"wpforms-field-label\" for=\"wpforms-1221-field_2\">Username <span class=\"wpforms-required-label\">*<\/span><\/label><input type=\"text\" id=\"wpforms-1221-field_2\" class=\"wpforms-field-large wpforms-field-required\" name=\"wpforms[fields][2]\" required><div class=\"wpforms-field-description\">Choose a username for your organization that you can use later to log in to our online shop. Please choose a name consisting of letters and numbers. Special characters like (!\u00a7$%&amp;\/=?\u00e4\u00f6\u00fc) or spaces are not allowed.<\/div><\/div><div id=\"wpforms-1221-field_4-container\" class=\"wpforms-field wpforms-field-password\" data-field-id=\"4\"><label class=\"wpforms-field-label\">Password <span class=\"wpforms-required-label\">*<\/span><\/label><div class=\"wpforms-field-row wpforms-field-large\"><div class=\"wpforms-field-row-block wpforms-one-half wpforms-first\"><input type=\"password\" id=\"wpforms-1221-field_4\" class=\"wpforms-field-required wpforms-field-password-primary\" data-rule-password-strength=\"1\" data-password-strength-level=\"3\" name=\"wpforms[fields][4][primary]\" spellcheck=\"false\" required><label for=\"wpforms-1221-field_4\" class=\"wpforms-field-sublabel after\">Password<\/label><\/div><div class=\"wpforms-field-row-block wpforms-one-half\"><input type=\"password\" id=\"wpforms-1221-field_4-secondary\" class=\"wpforms-field-password-secondary wpforms-field-required\" data-rule-confirm=\"#wpforms-1221-field_4\" name=\"wpforms[fields][4][secondary]\" spellcheck=\"false\" required><label for=\"wpforms-1221-field_4-secondary\" class=\"wpforms-field-sublabel after\">Confirm Password<\/label><\/div><\/div><div class=\"wpforms-field-description\">Assign a password that you can use later to log in to our online shop. For security reasons, the password should contain at least eight letters and numbers and two special characters<br \/>( # + \/ - \u00a7 % &amp; ).<\/div><\/div><div id=\"wpforms-1221-field_30-container\" class=\"wpforms-field wpforms-field-html\" data-field-id=\"30\"><div id=\"wpforms-1221-field_30\"><hr \/><\/div><\/div><div id=\"wpforms-1221-field_31-container\" class=\"wpforms-field wpforms-field-file-upload\" data-field-id=\"31\"><label class=\"wpforms-field-label\" for=\"wpforms-1221-field_31\">Upload proof of accreditation as a social organisation <span class=\"wpforms-required-label\">*<\/span><\/label><div\n\t\tclass=\"wpforms-uploader wpforms-field-required\"\n\t\tdata-field-id=\"31\"\n\t\tdata-form-id=\"1221\"\n\t\tdata-input-name=\"wpforms_1221_31\"\n\t\tdata-extensions=\"pdf\"\n\t\tdata-max-size=\"5242880\"\n\t\tdata-max-file-number=\"1\"\n\t\tdata-post-max-size=\"8388608\"\n\t\tdata-max-parallel-uploads=\"4\"\n\t\tdata-parallel-uploads=\"true\"\n\t\tdata-file-chunk-size=\"2097152\">\n\t<div class=\"dz-message\">\n\t\t<svg  viewBox=\"0 0 640 640\" focusable=\"false\" data-icon=\"inbox\" width=\"50px\" height=\"50px\" fill=\"currentColor\" aria-hidden=\"true\">\n\t\t\t<path d=\"M352 173.3L352 384C352 401.7 337.7 416 320 416C302.3 416 288 401.7 288 384L288 173.3L246.6 214.7C234.1 227.2 213.8 227.2 201.3 214.7C188.8 202.2 188.8 181.9 201.3 169.4L297.3 73.4C309.8 60.9 330.1 60.9 342.6 73.4L438.6 169.4C451.1 181.9 451.1 202.2 438.6 214.7C426.1 227.2 405.8 227.2 393.3 214.7L352 173.3zM320 464C364.2 464 400 428.2 400 384L480 384C515.3 384 544 412.7 544 448L544 480C544 515.3 515.3 544 480 544L160 544C124.7 544 96 515.3 96 480L96 448C96 412.7 124.7 384 160 384L240 384C240 428.2 275.8 464 320 464zM464 488C477.3 488 488 477.3 488 464C488 450.7 477.3 440 464 440C450.7 440 440 450.7 440 464C440 477.3 450.7 488 464 488z\"\/>\n\t\t<\/svg>\n\n\t\t<span class=\"modern-title\">\n\t\t\t\t\t\t\tDrag &amp; Drop Files, \t\t\t\t<span>Choose Files to Upload<\/span>\n\t\t\t\t\t<\/span>\n\n\t\t\t<\/div>\n<\/div>\n\n<input\n\t\ttype=\"text\"\n\t\tautocomplete=\"off\"\n\t\treadonly\n\t\tclass=\"dropzone-input\"\n\t\tstyle=\"position:absolute!important;clip:rect(0,0,0,0)!important;height:1px!important;width:1px!important;border:0!important;overflow:hidden!important;padding:0!important;margin:0!important;\"\n\t\tid=\"wpforms-1221-field_31\"\n\t\tname=\"wpforms_1221_31\" required\t\tvalue=\"\">\n<div class=\"wpforms-field-description\">Please scan as PDF, max. 5 MB<\/div><\/div><div id=\"wpforms-1221-field_12-container\" class=\"wpforms-field wpforms-field-checkbox\" data-field-id=\"12\"><label class=\"wpforms-field-label\">Accreditation <span class=\"wpforms-required-label\">*<\/span><\/label><ul id=\"wpforms-1221-field_12\" class=\"wpforms-field-required\"><li class=\"choice-1 depth-1\"><input type=\"checkbox\" id=\"wpforms-1221-field_12_1\" name=\"wpforms[fields][12][]\" value=\"The proof of our accreditation as a social organisation is attached.\" required ><label class=\"wpforms-field-label-inline\" for=\"wpforms-1221-field_12_1\">The proof of our accreditation as a social organisation is attached.<\/label><\/li><\/ul><\/div><div id=\"wpforms-1221-field_11-container\" class=\"wpforms-field wpforms-field-checkbox\" data-field-id=\"11\"><label class=\"wpforms-field-label\">Terms and conditions <span class=\"wpforms-required-label\">*<\/span><\/label><ul id=\"wpforms-1221-field_11\" class=\"wpforms-field-required\"><li class=\"choice-1 depth-1\"><input type=\"checkbox\" id=\"wpforms-1221-field_11_1\" name=\"wpforms[fields][11][]\" value=\"We have read and agree to MateriaBona&#039;s &lt;a href=&quot;https:\/\/materiabona.org\/en\/general-terms-and-conditions\/&quot; target=&quot;new&quot;&gt;Terms and Conditions&lt;\/a&gt;.\" required ><label class=\"wpforms-field-label-inline\" for=\"wpforms-1221-field_11_1\">We have read and agree to MateriaBona's <a href=\"https:\/\/materiabona.org\/en\/general-terms-and-conditions\/\" target=\"new\">Terms and Conditions<\/a>.<\/label><\/li><\/ul><\/div><div id=\"wpforms-1221-field_10-container\" class=\"wpforms-field wpforms-field-checkbox\" data-field-id=\"10\"><label class=\"wpforms-field-label\">Use of the products <span class=\"wpforms-required-label\">*<\/span><\/label><ul id=\"wpforms-1221-field_10\" class=\"wpforms-field-required\"><li class=\"choice-1 depth-1\"><input type=\"checkbox\" id=\"wpforms-1221-field_10_1\" name=\"wpforms[fields][10][]\" value=\"We hereby confirm that the products will only be used by people in need or for our institution.\" required ><label class=\"wpforms-field-label-inline\" for=\"wpforms-1221-field_10_1\">We hereby confirm that the products will only be used by people in need or for our institution.<\/label><\/li><\/ul><\/div><div id=\"wpforms-1221-field_41-container\" class=\"wpforms-field wpforms-field-checkbox\" data-field-id=\"41\"><label class=\"wpforms-field-label\">Newsletter<\/label><ul id=\"wpforms-1221-field_41\"><li class=\"choice-1 depth-1\"><input type=\"checkbox\" id=\"wpforms-1221-field_41_1\" name=\"wpforms[fields][41][]\" value=\"We agree to receive the MateriaBona newsletter.  In this newsletter MateriaBona informs about newly available products. \"  ><label class=\"wpforms-field-label-inline\" for=\"wpforms-1221-field_41_1\">We agree to receive the MateriaBona newsletter.  In this newsletter MateriaBona informs about newly available products.<\/label><\/li><\/ul><\/div><div id=\"wpforms-1221-field_13-container\" class=\"wpforms-field wpforms-field-gdpr-checkbox\" data-field-id=\"13\"><label class=\"wpforms-field-label\">Privacy <span class=\"wpforms-required-label\">*<\/span><\/label><ul id=\"wpforms-1221-field_13\" class=\"wpforms-field-required\"><li class=\"choice-1\"><input type=\"checkbox\" id=\"wpforms-1221-field_13_1\" name=\"wpforms[fields][13][]\" value=\"We consent to MateriaBona and this website storing our entered information so that our registration as a recipient can be processed and responded to. We have read and agree to the &lt;a href=&quot;https:\/\/materiabona.org\/en\/privacy-policy\/&quot; target=&quot;new&quot;&gt;Privacy Policy&lt;\/a&gt;.\" required ><label class=\"wpforms-field-label-inline\" for=\"wpforms-1221-field_13_1\">We consent to MateriaBona and this website storing our entered information so that our registration as a recipient can be processed and responded to. We have read and agree to the <a href=\"https:\/\/materiabona.org\/en\/privacy-policy\/\" target=\"new\">Privacy Policy<\/a>.<\/label><\/li><\/ul><\/div><\/div><!-- .wpforms-field-container --><div class=\"wpforms-submit-container\" ><input type=\"hidden\" name=\"wpforms[id]\" value=\"1221\"><input type=\"hidden\" name=\"page_title\" value=\"\"><input type=\"hidden\" name=\"page_url\" value=\"https:\/\/materiabona.org\/en\/wp-json\/wp\/v2\/pages\/1128\"><input type=\"hidden\" name=\"url_referer\" value=\"\"><button type=\"submit\" name=\"wpforms[submit]\" id=\"wpforms-submit-1221\" class=\"wpforms-submit\" aria-live=\"assertive\" value=\"wpforms-submit\">Submit registration<\/button><\/div><\/form><\/div>  <!-- .wpforms-container -->\n\n\n\n<div class=\"wp-block-group login-message-eng\"><div class=\"wp-block-group__inner-container is-layout-flow wp-block-group-is-layout-flow\">\n<p>Your organisation is already registered with MateriaBona and you are currently logged in.<\/p>\n\n\n\n<p>If you wish to log out, please click here:<br><a href=\"https:\/\/materiabona.org\/wp-login.php?action=logout\">Logout<\/a><\/p>\n<\/div><\/div>\n","protected":false},"excerpt":{"rendered":"<p>Your organisation is already registered with MateriaBona and you are currently logged in. If you wish to log out, please &#8230; <\/p>\n<p class=\"read-more-container\"><a title=\"Register\" class=\"read-more button\" href=\"https:\/\/materiabona.org\/en\/register\/#more-1128\" aria-label=\"Read more about Register\">Read more<\/a><\/p>\n","protected":false},"author":1,"featured_media":0,"parent":0,"menu_order":71,"comment_status":"closed","ping_status":"closed","template":"","meta":{"_acf_changed":false,"footnotes":""},"class_list":["post-1128","page","type-page","status-publish"],"acf":[],"_links":{"self":[{"href":"https:\/\/materiabona.org\/en\/wp-json\/wp\/v2\/pages\/1128","targetHints":{"allow":["GET"]}}],"collection":[{"href":"https:\/\/materiabona.org\/en\/wp-json\/wp\/v2\/pages"}],"about":[{"href":"https:\/\/materiabona.org\/en\/wp-json\/wp\/v2\/types\/page"}],"author":[{"embeddable":true,"href":"https:\/\/materiabona.org\/en\/wp-json\/wp\/v2\/users\/1"}],"replies":[{"embeddable":true,"href":"https:\/\/materiabona.org\/en\/wp-json\/wp\/v2\/comments?post=1128"}],"version-history":[{"count":5,"href":"https:\/\/materiabona.org\/en\/wp-json\/wp\/v2\/pages\/1128\/revisions"}],"predecessor-version":[{"id":1580,"href":"https:\/\/materiabona.org\/en\/wp-json\/wp\/v2\/pages\/1128\/revisions\/1580"}],"wp:attachment":[{"href":"https:\/\/materiabona.org\/en\/wp-json\/wp\/v2\/media?parent=1128"}],"curies":[{"name":"wp","href":"https:\/\/api.w.org\/{rel}","templated":true}]}}